
{"id":289,"date":"2024-11-20T20:12:02","date_gmt":"2024-11-20T19:12:02","guid":{"rendered":"https:\/\/www.donerre.com\/?page_id=289"},"modified":"2024-12-19T14:39:12","modified_gmt":"2024-12-19T13:39:12","slug":"services","status":"publish","type":"page","link":"https:\/\/www.donerre.com\/fr\/services\/","title":{"rendered":"Services"},"content":{"rendered":"<div class=\"wp-block-uagb-container uagb-block-67eef011 alignfull uagb-is-root-container\"><div class=\"uagb-container-inner-blocks-wrap\">\n<div class=\"wp-block-uagb-container uagb-block-3e8d3db7\">\n<div class=\"wp-block-uagb-advanced-heading uagb-block-756cfb18\"><h1 class=\"uagb-heading-text\">Services<\/h1><\/div>\n<\/div>\n<\/div><\/div>\n\n\n\n<div class=\"wp-block-uagb-container uagb-block-55aedcfe alignfull uagb-is-root-container\"><div class=\"uagb-container-inner-blocks-wrap\">\n<div class=\"wp-block-uagb-container uagb-block-5bcc69f9\">\n<div class=\"wp-block-uagb-advanced-heading uagb-block-9e73e66c\"><h2 class=\"uagb-heading-text\">Un soutien complet pour une performance maximale<\/h2><p class=\"uagb-desc-text\">Donerre donne la priorit\u00e9 \u00e0 un service \u00e0 la client\u00e8le personnalis\u00e9 pour s'assurer que nos clients atteignent des performances optimales, que ce soit sur des voitures, des camions, des v\u00e9hicules utilitaires l\u00e9gers, des motos ou des avions.<\/p><\/div>\n<\/div>\n<\/div><\/div>\n\n\n\n<div class=\"wp-block-uagb-container uagb-block-f1f01796 alignfull uagb-is-root-container\">\n<div class=\"wp-block-uagb-container uagb-block-bcb36c13\"><\/div>\n\n\n\n<div class=\"wp-block-uagb-container uagb-block-ef408ff5\">\n<div class=\"wp-block-uagb-container uagb-block-ca96a56e\">\n<div class=\"wp-block-uagb-advanced-heading uagb-block-991cad4a\"><div class=\"uagb-separator\"><\/div><h3 class=\"uagb-heading-text\">Nos principaux services sont les suivants<\/h3><\/div>\n\n\n\n<div class=\"wp-block-uagb-icon-list uagb-block-dc9b09b0\"><div class=\"uagb-icon-list__wrap\">\n<div class=\"wp-block-uagb-icon-list-child uagb-block-4fac5b57\"><span class=\"uagb-icon-list__source-wrap\"><svg xmlns=\"https:\/\/www.w3.org\/2000\/svg\" viewbox=\"0 0 512 512\"><path d=\"M256 0C114.6 0 0 114.6 0 256c0 141.4 114.6 256 256 256s256-114.6 256-256C512 114.6 397.4 0 256 0zM406.6 278.6l-103.1 103.1c-12.5 12.5-32.75 12.5-45.25 0s-12.5-32.75 0-45.25L306.8 288H128C110.3 288 96 273.7 96 256s14.31-32 32-32h178.8l-49.38-49.38c-12.5-12.5-12.5-32.75 0-45.25s32.75-12.5 45.25 0l103.1 103.1C414.6 241.3 416 251.1 416 256C416 260.9 414.6 270.7 406.6 278.6z\"><\/path><\/svg><\/span><span class=\"uagb-icon-list__label\"><strong>Soutien \u00e0 l'ing\u00e9nierie :<\/strong> Expert en conception et test de syst\u00e8mes de suspension.<\/span><\/div>\n\n\n\n<div class=\"wp-block-uagb-icon-list-child uagb-block-cfbd93e7\"><span class=\"uagb-icon-list__source-wrap\"><svg xmlns=\"https:\/\/www.w3.org\/2000\/svg\" viewbox=\"0 0 512 512\"><path d=\"M256 0C114.6 0 0 114.6 0 256c0 141.4 114.6 256 256 256s256-114.6 256-256C512 114.6 397.4 0 256 0zM406.6 278.6l-103.1 103.1c-12.5 12.5-32.75 12.5-45.25 0s-12.5-32.75 0-45.25L306.8 288H128C110.3 288 96 273.7 96 256s14.31-32 32-32h178.8l-49.38-49.38c-12.5-12.5-12.5-32.75 0-45.25s32.75-12.5 45.25 0l103.1 103.1C414.6 241.3 416 251.1 416 256C416 260.9 414.6 270.7 406.6 278.6z\"><\/path><\/svg><\/span><span class=\"uagb-icon-list__label\"><strong>Reconstruction d'amortisseurs :<\/strong> Un entretien de qualit\u00e9 pour r\u00e9tablir les performances.<\/span><\/div>\n\n\n\n<div class=\"wp-block-uagb-icon-list-child uagb-block-5bfaace4\"><span class=\"uagb-icon-list__source-wrap\"><svg xmlns=\"https:\/\/www.w3.org\/2000\/svg\" viewbox=\"0 0 512 512\"><path d=\"M256 0C114.6 0 0 114.6 0 256c0 141.4 114.6 256 256 256s256-114.6 256-256C512 114.6 397.4 0 256 0zM406.6 278.6l-103.1 103.1c-12.5 12.5-32.75 12.5-45.25 0s-12.5-32.75 0-45.25L306.8 288H128C110.3 288 96 273.7 96 256s14.31-32 32-32h178.8l-49.38-49.38c-12.5-12.5-12.5-32.75 0-45.25s32.75-12.5 45.25 0l103.1 103.1C414.6 241.3 416 251.1 416 256C416 260.9 414.6 270.7 406.6 278.6z\"><\/path><\/svg><\/span><span class=\"uagb-icon-list__label\"><strong>Sessions de test :<\/strong> Analyse avanc\u00e9e des donn\u00e9es pour des ajustements pr\u00e9cis.<\/span><\/div>\n\n\n\n<div class=\"wp-block-uagb-icon-list-child uagb-block-25851bd3\"><span class=\"uagb-icon-list__source-wrap\"><svg xmlns=\"https:\/\/www.w3.org\/2000\/svg\" viewbox=\"0 0 512 512\"><path d=\"M256 0C114.6 0 0 114.6 0 256c0 141.4 114.6 256 256 256s256-114.6 256-256C512 114.6 397.4 0 256 0zM406.6 278.6l-103.1 103.1c-12.5 12.5-32.75 12.5-45.25 0s-12.5-32.75 0-45.25L306.8 288H128C110.3 288 96 273.7 96 256s14.31-32 32-32h178.8l-49.38-49.38c-12.5-12.5-12.5-32.75 0-45.25s32.75-12.5 45.25 0l103.1 103.1C414.6 241.3 416 251.1 416 256C416 260.9 414.6 270.7 406.6 278.6z\"><\/path><\/svg><\/span><span class=\"uagb-icon-list__label\"><strong>Soutien \u00e0 la course :<\/strong> Assistance sur place pour des r\u00e9sultats optimaux.<\/span><\/div>\n<\/div><\/div>\n<\/div>\n<\/div>\n<\/div>\n\n\n\n<div class=\"wp-block-uagb-container uagb-block-40bf6cd0 alignfull uagb-is-root-container\"><div class=\"uagb-container-inner-blocks-wrap\">\n<div class=\"wp-block-uagb-container uagb-block-8f3c2914\">\n<div class=\"wp-block-uagb-advanced-heading uagb-block-5b375db0\"><div class=\"uagb-separator\"><\/div><h2 class=\"uagb-heading-text\">D\u00e9couvrez nos services en d\u00e9tail :<\/h2><\/div>\n<\/div>\n\n\n\n<div class=\"wp-block-uagb-container uagb-block-22727409\">\n<div class=\"wp-block-uagb-container uagb-block-b8e8424a\">\n<div class=\"wp-block-uagb-info-box uagb-block-29c13fc4 uagb-infobox__content-wrap  uagb-infobox_cta-type-all uagb-infobox-icon-above-title uagb-infobox-image-valign-top\"><a href=\"\/fr\/services\/ingenierie\/\" class=\"uagb-infobox-link-wrap uagb-infbox__link-to-all\" target=\"_self\" aria-label=\"Lien Infobox\" rel=\"noopener noreferrer\" onclick=\"return true;\"><\/a><div class=\"uagb-ifb-content\"><div class=\"uagb-ifb-image-content\"><img decoding=\"async\" src=\"https:\/\/www.donerre.com\/wp-content\/uploads\/2024\/11\/PCS_9807-1024x683.webp\" alt=\"\" width=\"\" height=\"0\" loading=\"lazy\"\/><\/div><div class=\"uagb-ifb-title-wrap\"><h3 class=\"uagb-ifb-title\">Services pour les voitures, les camions et les v\u00e9hicules utilitaires l\u00e9gers<\/h3><\/div><div class=\"uagb-ifb-button-wrapper wp-block-button\"><\/div><\/div><\/div>\n<\/div>\n\n\n\n<div class=\"wp-block-uagb-container uagb-block-935c2c98\">\n<div class=\"wp-block-uagb-info-box uagb-block-c45db57b uagb-infobox__content-wrap  uagb-infobox_cta-type-all uagb-infobox-icon-above-title uagb-infobox-image-valign-top\"><a href=\"\/fr\/services\/soutien-a-la-course\/\" class=\"uagb-infobox-link-wrap uagb-infbox__link-to-all\" target=\"_self\" aria-label=\"Lien Infobox\" rel=\"noopener noreferrer\" onclick=\"return true;\"><\/a><div class=\"uagb-ifb-content\"><div class=\"uagb-ifb-image-content\"><img decoding=\"async\" src=\"https:\/\/www.donerre.com\/wp-content\/uploads\/2024\/12\/services-motorcycle.webp\" alt=\"\" width=\"\" height=\"0\" loading=\"lazy\"\/><\/div><div class=\"uagb-ifb-title-wrap\"><h3 class=\"uagb-ifb-title\">Services pour les motocycles<\/h3><\/div><div class=\"uagb-ifb-button-wrapper wp-block-button\"><\/div><\/div><\/div>\n<\/div>\n\n\n\n<div class=\"wp-block-uagb-container uagb-block-e2eab2f5\">\n<div class=\"wp-block-uagb-info-box uagb-block-45ad70b8 uagb-infobox__content-wrap  uagb-infobox_cta-type-all uagb-infobox-icon-above-title uagb-infobox-image-valign-top\"><a href=\"\/fr\/services\/avions\/\" class=\"uagb-infobox-link-wrap uagb-infbox__link-to-all\" target=\"_self\" aria-label=\"Lien Infobox\" rel=\"noopener noreferrer\" onclick=\"return true;\"><\/a><div class=\"uagb-ifb-content\"><div class=\"uagb-ifb-image-content\"><img decoding=\"async\" src=\"https:\/\/www.donerre.com\/wp-content\/uploads\/2024\/12\/aircfraft-bristell-1-1024x683.webp\" alt=\"\" width=\"\" height=\"0\" loading=\"lazy\"\/><\/div><div class=\"uagb-ifb-title-wrap\"><h3 class=\"uagb-ifb-title\">Services pour les avions<\/h3><\/div><div class=\"uagb-ifb-button-wrapper wp-block-button\"><\/div><\/div><\/div>\n<\/div>\n\n\n\n<div class=\"wp-block-uagb-container uagb-block-1a97672e\">\n<div class=\"wp-block-uagb-info-box uagb-block-2cc4449a uagb-infobox__content-wrap  uagb-infobox_cta-type-all uagb-infobox-icon-above-title uagb-infobox-image-valign-top\"><a href=\"\/fr\/services\/calculateur-de-tarage-des-ressorts\/\" class=\"uagb-infobox-link-wrap uagb-infbox__link-to-all\" target=\"_self\" aria-label=\"Lien Infobox\" rel=\"noopener noreferrer\" onclick=\"return true;\"><\/a><div class=\"uagb-ifb-content\"><div class=\"uagb-ifb-image-content\"><img decoding=\"async\" src=\"https:\/\/www.donerre.com\/wp-content\/uploads\/2024\/11\/453874528_804930335123162_7939190050842189692_n-1024x683.webp\" alt=\"\" width=\"\" height=\"0\" loading=\"lazy\"\/><\/div><div class=\"uagb-ifb-title-wrap\"><h3 class=\"uagb-ifb-title\">Calculateur de taux de ressort<\/h3><\/div><div class=\"uagb-ifb-button-wrapper wp-block-button\"><\/div><\/div><\/div>\n<\/div>\n<\/div>\n<\/div><\/div>\n\n\n\n<div class=\"wp-block-uagb-container uagb-block-66b9c049 alignfull uagb-is-root-container\"><div class=\"uagb-container-inner-blocks-wrap\">\n<div class=\"wp-block-uagb-image uagb-block-6c4e0394 wp-block-uagb-image--layout-default wp-block-uagb-image--effect-static wp-block-uagb-image--align-none\"><figure class=\"wp-block-uagb-image__figure\"><img decoding=\"async\" srcset=\"https:\/\/www.donerre.com\/wp-content\/uploads\/2024\/11\/Slogan.png ,https:\/\/www.donerre.com\/wp-content\/uploads\/2024\/11\/Slogan.png 780w, https:\/\/www.donerre.com\/wp-content\/uploads\/2024\/11\/Slogan.png 360w\" sizes=\"auto, (max-width: 480px) 150px\" src=\"https:\/\/www.donerre.com\/wp-content\/uploads\/2024\/11\/Slogan.png\" alt=\"\" class=\"uag-image-135\" width=\"800\" height=\"220\" title=\"Slogan\" loading=\"lazy\" role=\"img\"\/><\/figure><\/div>\n<\/div><\/div>","protected":false},"excerpt":{"rendered":"<p>Services Comprehensive Support for Maximum Performance Donerre prioritizes personalized customer service to ensure our clients achieve peak performance, whether on [&hellip;]<\/p>\n","protected":false},"author":2,"featured_media":0,"parent":0,"menu_order":0,"comment_status":"closed","ping_status":"closed","template":"","meta":{"_uag_custom_page_level_css":"","site-sidebar-layout":"default","site-content-layout":"","ast-site-content-layout":"","site-content-style":"default","site-sidebar-style":"default","ast-global-header-display":"","ast-banner-title-visibility":"","ast-main-header-display":"","ast-hfb-above-header-display":"","ast-hfb-below-header-display":"","ast-hfb-mobile-header-display":"","site-post-title":"disabled","ast-breadcrumbs-content":"","ast-featured-img":"","footer-sml-layout":"","ast-disable-related-posts":"","theme-transparent-header-meta":"","adv-header-id-meta":"","stick-header-meta":"","header-above-stick-meta":"","header-main-stick-meta":"","header-below-stick-meta":"","astra-migrate-meta-layouts":"default","ast-page-background-enabled":"default","ast-page-background-meta":{"desktop":{"background-color":"var(--ast-global-color-4)","background-image":"","background-repeat":"repeat","background-position":"center center","background-size":"auto","background-attachment":"scroll","background-type":"","background-media":"","overlay-type":"","overlay-color":"","overlay-opacity":"","overlay-gradient":""},"tablet":{"background-color":"","background-image":"","background-repeat":"repeat","background-position":"center center","background-size":"auto","background-attachment":"scroll","background-type":"","background-media":"","overlay-type":"","overlay-color":"","overlay-opacity":"","overlay-gradient":""},"mobile":{"background-color":"","background-image":"","background-repeat":"repeat","background-position":"center center","background-size":"auto","background-attachment":"scroll","background-type":"","background-media":"","overlay-type":"","overlay-color":"","overlay-opacity":"","overlay-gradient":""}},"ast-content-background-meta":{"desktop":{"background-color":"var(--ast-global-color-5)","background-image":"","background-repeat":"repeat","background-position":"center center","background-size":"auto","background-attachment":"scroll","background-type":"","background-media":"","overlay-type":"","overlay-color":"","overlay-opacity":"","overlay-gradient":""},"tablet":{"background-color":"var(--ast-global-color-5)","background-image":"","background-repeat":"repeat","background-position":"center center","background-size":"auto","background-attachment":"scroll","background-type":"","background-media":"","overlay-type":"","overlay-color":"","overlay-opacity":"","overlay-gradient":""},"mobile":{"background-color":"var(--ast-global-color-5)","background-image":"","background-repeat":"repeat","background-position":"center center","background-size":"auto","background-attachment":"scroll","background-type":"","background-media":"","overlay-type":"","overlay-color":"","overlay-opacity":"","overlay-gradient":""}},"footnotes":""},"class_list":["post-289","page","type-page","status-publish","hentry"],"yoast_head":"<!-- This site is optimized with the Yoast SEO plugin v27.2 - https:\/\/yoast.com\/product\/yoast-seo-wordpress\/ -->\n<title>Services - Donerre<\/title>\n<meta name=\"robots\" content=\"index, follow, max-snippet:-1, max-image-preview:large, max-video-preview:-1\" \/>\n<link rel=\"canonical\" href=\"https:\/\/www.donerre.com\/fr\/services\/\" \/>\n<meta property=\"og:locale\" content=\"fr_FR\" \/>\n<meta property=\"og:type\" content=\"article\" \/>\n<meta property=\"og:title\" content=\"Services - Donerre\" \/>\n<meta property=\"og:description\" content=\"Services Comprehensive Support for Maximum Performance Donerre prioritizes personalized customer service to ensure our clients achieve peak performance, whether on [&hellip;]\" \/>\n<meta property=\"og:url\" content=\"https:\/\/www.donerre.com\/fr\/services\/\" \/>\n<meta property=\"og:site_name\" content=\"Donerre\" \/>\n<meta property=\"article:modified_time\" content=\"2024-12-19T13:39:12+00:00\" \/>\n<meta property=\"og:image\" content=\"https:\/\/www.donerre.com\/wp-content\/uploads\/2024\/11\/PCS_9807-1024x683.webp\" \/>\n<meta name=\"twitter:card\" content=\"summary_large_image\" \/>\n<script type=\"application\/ld+json\" class=\"yoast-schema-graph\">{\"@context\":\"https:\/\/schema.org\",\"@graph\":[{\"@type\":\"WebPage\",\"@id\":\"https:\/\/www.donerre.com\/services\/\",\"url\":\"https:\/\/www.donerre.com\/services\/\",\"name\":\"Services - Donerre\",\"isPartOf\":{\"@id\":\"https:\/\/www.donerre.com\/#website\"},\"primaryImageOfPage\":{\"@id\":\"https:\/\/www.donerre.com\/services\/#primaryimage\"},\"image\":{\"@id\":\"https:\/\/www.donerre.com\/services\/#primaryimage\"},\"thumbnailUrl\":\"https:\/\/www.donerre.com\/wp-content\/uploads\/2024\/11\/PCS_9807-1024x683.webp\",\"datePublished\":\"2024-11-20T19:12:02+00:00\",\"dateModified\":\"2024-12-19T13:39:12+00:00\",\"breadcrumb\":{\"@id\":\"https:\/\/www.donerre.com\/services\/#breadcrumb\"},\"inLanguage\":\"fr-FR\",\"potentialAction\":[{\"@type\":\"ReadAction\",\"target\":[\"https:\/\/www.donerre.com\/services\/\"]}]},{\"@type\":\"ImageObject\",\"inLanguage\":\"fr-FR\",\"@id\":\"https:\/\/www.donerre.com\/services\/#primaryimage\",\"url\":\"https:\/\/www.donerre.com\/wp-content\/uploads\/2024\/11\/PCS_9807-1024x683.webp\",\"contentUrl\":\"https:\/\/www.donerre.com\/wp-content\/uploads\/2024\/11\/PCS_9807-1024x683.webp\"},{\"@type\":\"BreadcrumbList\",\"@id\":\"https:\/\/www.donerre.com\/services\/#breadcrumb\",\"itemListElement\":[{\"@type\":\"ListItem\",\"position\":1,\"name\":\"Home\",\"item\":\"https:\/\/www.donerre.com\/\"},{\"@type\":\"ListItem\",\"position\":2,\"name\":\"Services\"}]},{\"@type\":\"WebSite\",\"@id\":\"https:\/\/www.donerre.com\/#website\",\"url\":\"https:\/\/www.donerre.com\/\",\"name\":\"Donerre\",\"description\":\"Suspension\",\"publisher\":{\"@id\":\"https:\/\/www.donerre.com\/#organization\"},\"potentialAction\":[{\"@type\":\"SearchAction\",\"target\":{\"@type\":\"EntryPoint\",\"urlTemplate\":\"https:\/\/www.donerre.com\/?s={search_term_string}\"},\"query-input\":{\"@type\":\"PropertyValueSpecification\",\"valueRequired\":true,\"valueName\":\"search_term_string\"}}],\"inLanguage\":\"fr-FR\"},{\"@type\":\"Organization\",\"@id\":\"https:\/\/www.donerre.com\/#organization\",\"name\":\"Donerre\",\"url\":\"https:\/\/www.donerre.com\/\",\"logo\":{\"@type\":\"ImageObject\",\"inLanguage\":\"fr-FR\",\"@id\":\"https:\/\/www.donerre.com\/#\/schema\/logo\/image\/\",\"url\":\"https:\/\/www.donerre.com\/wp-content\/uploads\/2024\/11\/Donerre-Logo.png\",\"contentUrl\":\"https:\/\/www.donerre.com\/wp-content\/uploads\/2024\/11\/Donerre-Logo.png\",\"width\":710,\"height\":282,\"caption\":\"Donerre\"},\"image\":{\"@id\":\"https:\/\/www.donerre.com\/#\/schema\/logo\/image\/\"}}]}<\/script>\n<!-- \/ Yoast SEO plugin. -->","yoast_head_json":{"title":"Services - Donerre","robots":{"index":"index","follow":"follow","max-snippet":"max-snippet:-1","max-image-preview":"max-image-preview:large","max-video-preview":"max-video-preview:-1"},"canonical":"https:\/\/www.donerre.com\/fr\/services\/","og_locale":"fr_FR","og_type":"article","og_title":"Services - Donerre","og_description":"Services Comprehensive Support for Maximum Performance Donerre prioritizes personalized customer service to ensure our clients achieve peak performance, whether on [&hellip;]","og_url":"https:\/\/www.donerre.com\/fr\/services\/","og_site_name":"Donerre","article_modified_time":"2024-12-19T13:39:12+00:00","og_image":[{"url":"https:\/\/www.donerre.com\/wp-content\/uploads\/2024\/11\/PCS_9807-1024x683.webp","type":"","width":"","height":""}],"twitter_card":"summary_large_image","schema":{"@context":"https:\/\/schema.org","@graph":[{"@type":"WebPage","@id":"https:\/\/www.donerre.com\/services\/","url":"https:\/\/www.donerre.com\/services\/","name":"Services - Donerre","isPartOf":{"@id":"https:\/\/www.donerre.com\/#website"},"primaryImageOfPage":{"@id":"https:\/\/www.donerre.com\/services\/#primaryimage"},"image":{"@id":"https:\/\/www.donerre.com\/services\/#primaryimage"},"thumbnailUrl":"https:\/\/www.donerre.com\/wp-content\/uploads\/2024\/11\/PCS_9807-1024x683.webp","datePublished":"2024-11-20T19:12:02+00:00","dateModified":"2024-12-19T13:39:12+00:00","breadcrumb":{"@id":"https:\/\/www.donerre.com\/services\/#breadcrumb"},"inLanguage":"fr-FR","potentialAction":[{"@type":"ReadAction","target":["https:\/\/www.donerre.com\/services\/"]}]},{"@type":"ImageObject","inLanguage":"fr-FR","@id":"https:\/\/www.donerre.com\/services\/#primaryimage","url":"https:\/\/www.donerre.com\/wp-content\/uploads\/2024\/11\/PCS_9807-1024x683.webp","contentUrl":"https:\/\/www.donerre.com\/wp-content\/uploads\/2024\/11\/PCS_9807-1024x683.webp"},{"@type":"BreadcrumbList","@id":"https:\/\/www.donerre.com\/services\/#breadcrumb","itemListElement":[{"@type":"ListItem","position":1,"name":"Home","item":"https:\/\/www.donerre.com\/"},{"@type":"ListItem","position":2,"name":"Services"}]},{"@type":"WebSite","@id":"https:\/\/www.donerre.com\/#website","url":"https:\/\/www.donerre.com\/","name":"Donerre","description":"Suspension","publisher":{"@id":"https:\/\/www.donerre.com\/#organization"},"potentialAction":[{"@type":"SearchAction","target":{"@type":"EntryPoint","urlTemplate":"https:\/\/www.donerre.com\/?s={search_term_string}"},"query-input":{"@type":"PropertyValueSpecification","valueRequired":true,"valueName":"search_term_string"}}],"inLanguage":"fr-FR"},{"@type":"Organization","@id":"https:\/\/www.donerre.com\/#organization","name":"Donerre","url":"https:\/\/www.donerre.com\/","logo":{"@type":"ImageObject","inLanguage":"fr-FR","@id":"https:\/\/www.donerre.com\/#\/schema\/logo\/image\/","url":"https:\/\/www.donerre.com\/wp-content\/uploads\/2024\/11\/Donerre-Logo.png","contentUrl":"https:\/\/www.donerre.com\/wp-content\/uploads\/2024\/11\/Donerre-Logo.png","width":710,"height":282,"caption":"Donerre"},"image":{"@id":"https:\/\/www.donerre.com\/#\/schema\/logo\/image\/"}}]}},"uagb_featured_image_src":{"full":false,"thumbnail":false,"medium":false,"medium_large":false,"large":false,"1536x1536":false,"2048x2048":false,"trp-custom-language-flag":false,"woocommerce_thumbnail":false,"woocommerce_single":false,"woocommerce_gallery_thumbnail":false},"uagb_author_info":{"display_name":"Domingo","author_link":"https:\/\/www.donerre.com\/fr\/author\/domingo\/"},"uagb_comment_info":0,"uagb_excerpt":"Services Comprehensive Support for Maximum Performance Donerre prioritizes personalized customer service to ensure our clients achieve peak performance, whether on [&hellip;]","_links":{"self":[{"href":"https:\/\/www.donerre.com\/fr\/wp-json\/wp\/v2\/pages\/289","targetHints":{"allow":["GET"]}}],"collection":[{"href":"https:\/\/www.donerre.com\/fr\/wp-json\/wp\/v2\/pages"}],"about":[{"href":"https:\/\/www.donerre.com\/fr\/wp-json\/wp\/v2\/types\/page"}],"author":[{"embeddable":true,"href":"https:\/\/www.donerre.com\/fr\/wp-json\/wp\/v2\/users\/2"}],"replies":[{"embeddable":true,"href":"https:\/\/www.donerre.com\/fr\/wp-json\/wp\/v2\/comments?post=289"}],"version-history":[{"count":11,"href":"https:\/\/www.donerre.com\/fr\/wp-json\/wp\/v2\/pages\/289\/revisions"}],"predecessor-version":[{"id":488,"href":"https:\/\/www.donerre.com\/fr\/wp-json\/wp\/v2\/pages\/289\/revisions\/488"}],"wp:attachment":[{"href":"https:\/\/www.donerre.com\/fr\/wp-json\/wp\/v2\/media?parent=289"}],"curies":[{"name":"wp","href":"https:\/\/api.w.org\/{rel}","templated":true}]}}