
{"id":105,"date":"2024-11-19T20:40:29","date_gmt":"2024-11-19T19:40:29","guid":{"rendered":"https:\/\/www.donerre.com\/?post_type=product&#038;p=105"},"modified":"2026-03-09T11:50:33","modified_gmt":"2026-03-09T10:50:33","slug":"kit-de-bexiga","status":"publish","type":"product","link":"https:\/\/www.donerre.com\/pt\/product\/kit-de-bexiga\/","title":{"rendered":"Kit Membrana"},"content":{"rendered":"<p>O Bladder Kit \u00e9 uma solu\u00e7\u00e3o de redu\u00e7\u00e3o de fric\u00e7\u00e3o concebida para aumentar o conforto e a tra\u00e7\u00e3o em cen\u00e1rios de baixa velocidade. Ao otimizar o design do pist\u00e3o separador, este kit assegura um desempenho mais suave. \u00c9 uma atualiza\u00e7\u00e3o essencial para quem procura aperfei\u00e7oar o comportamento e a qualidade de condu\u00e7\u00e3o do seu ve\u00edculo. Ideal para v\u00e1rios ve\u00edculos, este kit complementa na perfei\u00e7\u00e3o os sistemas de suspens\u00e3o da Donerre.<\/p>","protected":false},"excerpt":{"rendered":"<p>Kit Membrana que reduz a fric\u00e7\u00e3o para melhorar o conforto, a tra\u00e7\u00e3o e o aquecimento do seu amortecedor.<\/p>","protected":false},"featured_media":781,"comment_status":"open","ping_status":"closed","template":"","meta":{"_uag_custom_page_level_css":"","site-sidebar-layout":"default","site-content-layout":"","ast-site-content-layout":"default","site-content-style":"default","site-sidebar-style":"default","ast-global-header-display":"","ast-banner-title-visibility":"","ast-main-header-display":"","ast-hfb-above-header-display":"","ast-hfb-below-header-display":"","ast-hfb-mobile-header-display":"","site-post-title":"","ast-breadcrumbs-content":"","ast-featured-img":"","footer-sml-layout":"","ast-disable-related-posts":"","theme-transparent-header-meta":"default","adv-header-id-meta":"","stick-header-meta":"default","header-above-stick-meta":"","header-main-stick-meta":"","header-below-stick-meta":"","astra-migrate-meta-layouts":"set","ast-page-background-enabled":"default","ast-page-background-meta":{"desktop":{"background-color":"var(--ast-global-color-4)","background-image":"","background-repeat":"repeat","background-position":"center center","background-size":"auto","background-attachment":"scroll","background-type":"","background-media":"","overlay-type":"","overlay-color":"","overlay-opacity":"","overlay-gradient":""},"tablet":{"background-color":"","background-image":"","background-repeat":"repeat","background-position":"center center","background-size":"auto","background-attachment":"scroll","background-type":"","background-media":"","overlay-type":"","overlay-color":"","overlay-opacity":"","overlay-gradient":""},"mobile":{"background-color":"","background-image":"","background-repeat":"repeat","background-position":"center center","background-size":"auto","background-attachment":"scroll","background-type":"","background-media":"","overlay-type":"","overlay-color":"","overlay-opacity":"","overlay-gradient":""}},"ast-content-background-meta":{"desktop":{"background-color":"var(--ast-global-color-5)","background-image":"","background-repeat":"repeat","background-position":"center center","background-size":"auto","background-attachment":"scroll","background-type":"","background-media":"","overlay-type":"","overlay-color":"","overlay-opacity":"","overlay-gradient":""},"tablet":{"background-color":"var(--ast-global-color-5)","background-image":"","background-repeat":"repeat","background-position":"center center","background-size":"auto","background-attachment":"scroll","background-type":"","background-media":"","overlay-type":"","overlay-color":"","overlay-opacity":"","overlay-gradient":""},"mobile":{"background-color":"var(--ast-global-color-5)","background-image":"","background-repeat":"repeat","background-position":"center center","background-size":"auto","background-attachment":"scroll","background-type":"","background-media":"","overlay-type":"","overlay-color":"","overlay-opacity":"","overlay-gradient":""}}},"product_brand":[],"product_cat":[18],"product_tag":[],"class_list":{"0":"post-105","1":"product","2":"type-product","3":"status-publish","4":"has-post-thumbnail","6":"product_cat-moto","7":"product_shipping_class-1kg-2","8":"desktop-align-left","9":"tablet-align-left","10":"mobile-align-left","11":"ast-product-gallery-layout-horizontal-slider","12":"ast-product-single-variable","13":"ast-product-tabs-layout-horizontal","15":"first","16":"instock","17":"taxable","18":"shipping-taxable","19":"purchasable","20":"product-type-variable"},"yoast_head":"<!-- This site is optimized with the Yoast SEO plugin v27.2 - https:\/\/yoast.com\/product\/yoast-seo-wordpress\/ -->\n<title>Bladder Kit - Donerre<\/title>\n<meta name=\"robots\" content=\"index, follow, max-snippet:-1, max-image-preview:large, max-video-preview:-1\" \/>\n<link rel=\"canonical\" href=\"https:\/\/www.donerre.com\/pt\/product\/kit-de-bexiga\/\" \/>\n<meta property=\"og:locale\" content=\"pt_PT\" \/>\n<meta property=\"og:type\" content=\"article\" \/>\n<meta property=\"og:title\" content=\"Bladder Kit - Donerre\" \/>\n<meta property=\"og:description\" content=\"Bladder kit that reduces friction to improve comfort, traction and heating of your shock absorber.\" \/>\n<meta property=\"og:url\" content=\"https:\/\/www.donerre.com\/pt\/product\/kit-de-bexiga\/\" \/>\n<meta property=\"og:site_name\" content=\"Donerre\" \/>\n<meta property=\"article:modified_time\" content=\"2026-03-09T10:50:33+00:00\" \/>\n<meta property=\"og:image\" content=\"https:\/\/www.donerre.com\/wp-content\/uploads\/2024\/11\/produit04_01-1.png\" \/>\n\t<meta property=\"og:image:width\" content=\"1920\" \/>\n\t<meta property=\"og:image:height\" content=\"1090\" \/>\n\t<meta property=\"og:image:type\" content=\"image\/png\" \/>\n<meta name=\"twitter:card\" content=\"summary_large_image\" \/>\n<meta name=\"twitter:label1\" content=\"Tempo estimado de leitura\" \/>\n\t<meta name=\"twitter:data1\" content=\"1 minuto\" \/>\n<script type=\"application\/ld+json\" class=\"yoast-schema-graph\">{\"@context\":\"https:\/\/schema.org\",\"@graph\":[{\"@type\":\"WebPage\",\"@id\":\"https:\/\/www.donerre.com\/product\/bladder-kit\/\",\"url\":\"https:\/\/www.donerre.com\/product\/bladder-kit\/\",\"name\":\"Bladder Kit - Donerre\",\"isPartOf\":{\"@id\":\"https:\/\/www.donerre.com\/#website\"},\"primaryImageOfPage\":{\"@id\":\"https:\/\/www.donerre.com\/product\/bladder-kit\/#primaryimage\"},\"image\":{\"@id\":\"https:\/\/www.donerre.com\/product\/bladder-kit\/#primaryimage\"},\"thumbnailUrl\":\"https:\/\/www.donerre.com\/wp-content\/uploads\/2024\/11\/produit04_01-1.png\",\"datePublished\":\"2024-11-19T19:40:29+00:00\",\"dateModified\":\"2026-03-09T10:50:33+00:00\",\"breadcrumb\":{\"@id\":\"https:\/\/www.donerre.com\/product\/bladder-kit\/#breadcrumb\"},\"inLanguage\":\"pt-PT\",\"potentialAction\":[{\"@type\":\"ReadAction\",\"target\":[\"https:\/\/www.donerre.com\/product\/bladder-kit\/\"]}]},{\"@type\":\"ImageObject\",\"inLanguage\":\"pt-PT\",\"@id\":\"https:\/\/www.donerre.com\/product\/bladder-kit\/#primaryimage\",\"url\":\"https:\/\/www.donerre.com\/wp-content\/uploads\/2024\/11\/produit04_01-1.png\",\"contentUrl\":\"https:\/\/www.donerre.com\/wp-content\/uploads\/2024\/11\/produit04_01-1.png\",\"width\":1920,\"height\":1090},{\"@type\":\"BreadcrumbList\",\"@id\":\"https:\/\/www.donerre.com\/product\/bladder-kit\/#breadcrumb\",\"itemListElement\":[{\"@type\":\"ListItem\",\"position\":1,\"name\":\"Home\",\"item\":\"https:\/\/www.donerre.com\/\"},{\"@type\":\"ListItem\",\"position\":2,\"name\":\"Products\",\"item\":\"https:\/\/www.donerre.com\/products\/\"},{\"@type\":\"ListItem\",\"position\":3,\"name\":\"Bladder Kit\"}]},{\"@type\":\"WebSite\",\"@id\":\"https:\/\/www.donerre.com\/#website\",\"url\":\"https:\/\/www.donerre.com\/\",\"name\":\"Donerre\",\"description\":\"Suspension\",\"publisher\":{\"@id\":\"https:\/\/www.donerre.com\/#organization\"},\"potentialAction\":[{\"@type\":\"SearchAction\",\"target\":{\"@type\":\"EntryPoint\",\"urlTemplate\":\"https:\/\/www.donerre.com\/?s={search_term_string}\"},\"query-input\":{\"@type\":\"PropertyValueSpecification\",\"valueRequired\":true,\"valueName\":\"search_term_string\"}}],\"inLanguage\":\"pt-PT\"},{\"@type\":\"Organization\",\"@id\":\"https:\/\/www.donerre.com\/#organization\",\"name\":\"Donerre\",\"url\":\"https:\/\/www.donerre.com\/\",\"logo\":{\"@type\":\"ImageObject\",\"inLanguage\":\"pt-PT\",\"@id\":\"https:\/\/www.donerre.com\/#\/schema\/logo\/image\/\",\"url\":\"https:\/\/www.donerre.com\/wp-content\/uploads\/2024\/11\/Donerre-Logo.png\",\"contentUrl\":\"https:\/\/www.donerre.com\/wp-content\/uploads\/2024\/11\/Donerre-Logo.png\",\"width\":710,\"height\":282,\"caption\":\"Donerre\"},\"image\":{\"@id\":\"https:\/\/www.donerre.com\/#\/schema\/logo\/image\/\"}}]}<\/script>\n<!-- \/ Yoast SEO plugin. -->","yoast_head_json":{"title":"Kit de bexiga - Donerre","robots":{"index":"index","follow":"follow","max-snippet":"max-snippet:-1","max-image-preview":"max-image-preview:large","max-video-preview":"max-video-preview:-1"},"canonical":"https:\/\/www.donerre.com\/pt\/product\/kit-de-bexiga\/","og_locale":"pt_PT","og_type":"article","og_title":"Bladder Kit - Donerre","og_description":"Bladder kit that reduces friction to improve comfort, traction and heating of your shock absorber.","og_url":"https:\/\/www.donerre.com\/pt\/product\/kit-de-bexiga\/","og_site_name":"Donerre","article_modified_time":"2026-03-09T10:50:33+00:00","og_image":[{"width":1920,"height":1090,"url":"https:\/\/www.donerre.com\/wp-content\/uploads\/2024\/11\/produit04_01-1.png","type":"image\/png"}],"twitter_card":"summary_large_image","twitter_misc":{"Tempo estimado de leitura":"1 minuto"},"schema":{"@context":"https:\/\/schema.org","@graph":[{"@type":"WebPage","@id":"https:\/\/www.donerre.com\/product\/bladder-kit\/","url":"https:\/\/www.donerre.com\/product\/bladder-kit\/","name":"Kit de bexiga - Donerre","isPartOf":{"@id":"https:\/\/www.donerre.com\/#website"},"primaryImageOfPage":{"@id":"https:\/\/www.donerre.com\/product\/bladder-kit\/#primaryimage"},"image":{"@id":"https:\/\/www.donerre.com\/product\/bladder-kit\/#primaryimage"},"thumbnailUrl":"https:\/\/www.donerre.com\/wp-content\/uploads\/2024\/11\/produit04_01-1.png","datePublished":"2024-11-19T19:40:29+00:00","dateModified":"2026-03-09T10:50:33+00:00","breadcrumb":{"@id":"https:\/\/www.donerre.com\/product\/bladder-kit\/#breadcrumb"},"inLanguage":"pt-PT","potentialAction":[{"@type":"ReadAction","target":["https:\/\/www.donerre.com\/product\/bladder-kit\/"]}]},{"@type":"ImageObject","inLanguage":"pt-PT","@id":"https:\/\/www.donerre.com\/product\/bladder-kit\/#primaryimage","url":"https:\/\/www.donerre.com\/wp-content\/uploads\/2024\/11\/produit04_01-1.png","contentUrl":"https:\/\/www.donerre.com\/wp-content\/uploads\/2024\/11\/produit04_01-1.png","width":1920,"height":1090},{"@type":"BreadcrumbList","@id":"https:\/\/www.donerre.com\/product\/bladder-kit\/#breadcrumb","itemListElement":[{"@type":"ListItem","position":1,"name":"Home","item":"https:\/\/www.donerre.com\/"},{"@type":"ListItem","position":2,"name":"Products","item":"https:\/\/www.donerre.com\/products\/"},{"@type":"ListItem","position":3,"name":"Bladder Kit"}]},{"@type":"WebSite","@id":"https:\/\/www.donerre.com\/#website","url":"https:\/\/www.donerre.com\/","name":"Donerre","description":"Suspens\u00e3o","publisher":{"@id":"https:\/\/www.donerre.com\/#organization"},"potentialAction":[{"@type":"SearchAction","target":{"@type":"EntryPoint","urlTemplate":"https:\/\/www.donerre.com\/?s={search_term_string}"},"query-input":{"@type":"PropertyValueSpecification","valueRequired":true,"valueName":"search_term_string"}}],"inLanguage":"pt-PT"},{"@type":"Organization","@id":"https:\/\/www.donerre.com\/#organization","name":"Donerre","url":"https:\/\/www.donerre.com\/","logo":{"@type":"ImageObject","inLanguage":"pt-PT","@id":"https:\/\/www.donerre.com\/#\/schema\/logo\/image\/","url":"https:\/\/www.donerre.com\/wp-content\/uploads\/2024\/11\/Donerre-Logo.png","contentUrl":"https:\/\/www.donerre.com\/wp-content\/uploads\/2024\/11\/Donerre-Logo.png","width":710,"height":282,"caption":"Donerre"},"image":{"@id":"https:\/\/www.donerre.com\/#\/schema\/logo\/image\/"}}]}},"uagb_featured_image_src":{"full":["https:\/\/www.donerre.com\/wp-content\/uploads\/2024\/11\/produit04_01-1.png",1920,1090,false],"thumbnail":["https:\/\/www.donerre.com\/wp-content\/uploads\/2024\/11\/produit04_01-1-150x150.png",150,150,true],"medium":["https:\/\/www.donerre.com\/wp-content\/uploads\/2024\/11\/produit04_01-1-300x170.png",300,170,true],"medium_large":["https:\/\/www.donerre.com\/wp-content\/uploads\/2024\/11\/produit04_01-1-768x436.png",768,436,true],"large":["https:\/\/www.donerre.com\/wp-content\/uploads\/2024\/11\/produit04_01-1-1024x581.png",1024,581,true],"1536x1536":["https:\/\/www.donerre.com\/wp-content\/uploads\/2024\/11\/produit04_01-1-1536x872.png",1536,872,true],"2048x2048":["https:\/\/www.donerre.com\/wp-content\/uploads\/2024\/11\/produit04_01-1.png",1920,1090,false],"trp-custom-language-flag":["https:\/\/www.donerre.com\/wp-content\/uploads\/2024\/11\/produit04_01-1-18x10.png",18,10,true],"woocommerce_thumbnail":["https:\/\/www.donerre.com\/wp-content\/uploads\/2024\/11\/produit04_01-1-300x300.png",300,300,true],"woocommerce_single":["https:\/\/www.donerre.com\/wp-content\/uploads\/2024\/11\/produit04_01-1-600x341.png",600,341,true],"woocommerce_gallery_thumbnail":["https:\/\/www.donerre.com\/wp-content\/uploads\/2024\/11\/produit04_01-1-100x100.png",100,100,true]},"uagb_author_info":{"display_name":"Domingo","author_link":"https:\/\/www.donerre.com\/pt\/author\/"},"uagb_comment_info":0,"uagb_excerpt":"Bladder kit that reduces friction to improve comfort, traction and heating of your shock absorber.","_links":{"self":[{"href":"https:\/\/www.donerre.com\/pt\/wp-json\/wp\/v2\/product\/105","targetHints":{"allow":["GET"]}}],"collection":[{"href":"https:\/\/www.donerre.com\/pt\/wp-json\/wp\/v2\/product"}],"about":[{"href":"https:\/\/www.donerre.com\/pt\/wp-json\/wp\/v2\/types\/product"}],"replies":[{"embeddable":true,"href":"https:\/\/www.donerre.com\/pt\/wp-json\/wp\/v2\/comments?post=105"}],"wp:featuredmedia":[{"embeddable":true,"href":"https:\/\/www.donerre.com\/pt\/wp-json\/wp\/v2\/media\/781"}],"wp:attachment":[{"href":"https:\/\/www.donerre.com\/pt\/wp-json\/wp\/v2\/media?parent=105"}],"wp:term":[{"taxonomy":"product_brand","embeddable":true,"href":"https:\/\/www.donerre.com\/pt\/wp-json\/wp\/v2\/product_brand?post=105"},{"taxonomy":"product_cat","embeddable":true,"href":"https:\/\/www.donerre.com\/pt\/wp-json\/wp\/v2\/product_cat?post=105"},{"taxonomy":"product_tag","embeddable":true,"href":"https:\/\/www.donerre.com\/pt\/wp-json\/wp\/v2\/product_tag?post=105"}],"curies":[{"name":"wp","href":"https:\/\/api.w.org\/{rel}","templated":true}]}}