
{"id":825,"date":"2025-06-13T11:06:43","date_gmt":"2025-06-13T09:06:43","guid":{"rendered":"https:\/\/www.donerre.com\/?post_type=product&#038;p=825"},"modified":"2025-06-18T14:54:17","modified_gmt":"2025-06-18T12:54:17","slug":"massa-lubrificante-de-alta-qualidade","status":"publish","type":"product","link":"https:\/\/www.donerre.com\/pt\/product\/massa-lubrificante-de-alta-qualidade\/","title":{"rendered":"Massa de teflon Donerre"},"content":{"rendered":"<p data-start=\"65\" data-end=\"146\"><strong data-start=\"65\" data-end=\"146\">Massa lubrificante de Teflon - Desempenho melhorado para os seus conjuntos mec\u00e2nicos e vedantes<\/strong><\/p>\n<p data-start=\"148\" data-end=\"276\">A nossa massa lubrificante de Teflon \u00e9 perfeita para garantir uma montagem suave, limpa e sem fric\u00e7\u00e3o dos seus componentes mec\u00e2nicos e vedantes.<\/p>\n<p data-start=\"278\" data-end=\"578\">Gra\u00e7as \u00e0s suas propriedades auto-lubrificantes, reduz o desgaste, facilita a montagem, garante uma veda\u00e7\u00e3o estanque e prolonga a vida \u00fatil dos seus componentes. Resistente a temperaturas elevadas, humidade e produtos qu\u00edmicos, oferece prote\u00e7\u00e3o contra a corros\u00e3o e a oxida\u00e7\u00e3o - mesmo nos ambientes mais exigentes.<\/p>\n<p data-start=\"580\" data-end=\"803\"><strong data-start=\"580\" data-end=\"597\">Principais vantagens:<\/strong><br data-start=\"597\" data-end=\"601\" \/>Deslizamento \u00f3timo e montagem f\u00e1cil<br data-start=\"634\" data-end=\"638\" \/>Redu\u00e7\u00e3o do desgaste e do sobreaquecimento<br data-start=\"668\" data-end=\"672\" \/>Resist\u00eancia excecional em condi\u00e7\u00f5es agressivas<br data-start=\"724\" data-end=\"728\" \/>Melhoria da estanquicidade<br data-start=\"753\" data-end=\"757\" \/>Prolongamento da vida \u00fatil dos seus componentes<\/p>","protected":false},"excerpt":{"rendered":"<p>Gra\u00e7as \u00e0s suas propriedades auto-lubrificantes, reduz o desgaste, facilita a montagem, garante uma veda\u00e7\u00e3o estanque e prolonga a vida \u00fatil dos seus componentes. Resistente a temperaturas elevadas, humidade e produtos qu\u00edmicos, oferece prote\u00e7\u00e3o contra a corros\u00e3o e a oxida\u00e7\u00e3o - mesmo nos ambientes mais exigentes.<\/p>","protected":false},"featured_media":832,"comment_status":"open","ping_status":"closed","template":"","meta":{"_uag_custom_page_level_css":"","site-sidebar-layout":"default","site-content-layout":"","ast-site-content-layout":"default","site-content-style":"default","site-sidebar-style":"default","ast-global-header-display":"","ast-banner-title-visibility":"","ast-main-header-display":"","ast-hfb-above-header-display":"","ast-hfb-below-header-display":"","ast-hfb-mobile-header-display":"","site-post-title":"","ast-breadcrumbs-content":"","ast-featured-img":"","footer-sml-layout":"","ast-disable-related-posts":"","theme-transparent-header-meta":"default","adv-header-id-meta":"","stick-header-meta":"default","header-above-stick-meta":"","header-main-stick-meta":"","header-below-stick-meta":"","astra-migrate-meta-layouts":"set","ast-page-background-enabled":"default","ast-page-background-meta":{"desktop":{"background-color":"var(--ast-global-color-4)","background-image":"","background-repeat":"repeat","background-position":"center center","background-size":"auto","background-attachment":"scroll","background-type":"","background-media":"","overlay-type":"","overlay-color":"","overlay-opacity":"","overlay-gradient":""},"tablet":{"background-color":"","background-image":"","background-repeat":"repeat","background-position":"center center","background-size":"auto","background-attachment":"scroll","background-type":"","background-media":"","overlay-type":"","overlay-color":"","overlay-opacity":"","overlay-gradient":""},"mobile":{"background-color":"","background-image":"","background-repeat":"repeat","background-position":"center center","background-size":"auto","background-attachment":"scroll","background-type":"","background-media":"","overlay-type":"","overlay-color":"","overlay-opacity":"","overlay-gradient":""}},"ast-content-background-meta":{"desktop":{"background-color":"var(--ast-global-color-5)","background-image":"","background-repeat":"repeat","background-position":"center center","background-size":"auto","background-attachment":"scroll","background-type":"","background-media":"","overlay-type":"","overlay-color":"","overlay-opacity":"","overlay-gradient":""},"tablet":{"background-color":"var(--ast-global-color-5)","background-image":"","background-repeat":"repeat","background-position":"center center","background-size":"auto","background-attachment":"scroll","background-type":"","background-media":"","overlay-type":"","overlay-color":"","overlay-opacity":"","overlay-gradient":""},"mobile":{"background-color":"var(--ast-global-color-5)","background-image":"","background-repeat":"repeat","background-position":"center center","background-size":"auto","background-attachment":"scroll","background-type":"","background-media":"","overlay-type":"","overlay-color":"","overlay-opacity":"","overlay-gradient":""}}},"product_brand":[],"product_cat":[104,106,17,107,18,15,105],"product_tag":[],"class_list":{"0":"post-825","1":"product","2":"type-product","3":"status-publish","4":"has-post-thumbnail","6":"product_cat-buggy","7":"product_cat-car","8":"product_cat-cars-trucks-ssvs","9":"product_cat-loader","10":"product_cat-moto","11":"product_cat-sin-categorizar","12":"product_cat-truck","13":"product_shipping_class-1kg","14":"desktop-align-left","15":"tablet-align-left","16":"mobile-align-left","17":"ast-product-gallery-layout-horizontal-slider","18":"ast-product-gallery-with-no-image","19":"ast-product-tabs-layout-horizontal","21":"first","22":"instock","23":"taxable","24":"shipping-taxable","25":"purchasable","26":"product-type-simple"},"yoast_head":"<!-- This site is optimized with the Yoast SEO plugin v27.2 - https:\/\/yoast.com\/product\/yoast-seo-wordpress\/ -->\n<title>Teflon grease Donerre - Donerre<\/title>\n<meta name=\"robots\" content=\"index, follow, max-snippet:-1, max-image-preview:large, max-video-preview:-1\" \/>\n<link rel=\"canonical\" href=\"https:\/\/www.donerre.com\/pt\/product\/massa-lubrificante-de-alta-qualidade\/\" \/>\n<meta property=\"og:locale\" content=\"pt_PT\" \/>\n<meta property=\"og:type\" content=\"article\" \/>\n<meta property=\"og:title\" content=\"Teflon grease Donerre - Donerre\" \/>\n<meta property=\"og:description\" content=\"Thanks to its self-lubricating properties, it reduces wear, eases assembly, guarantees a tight seal, and extends the lifespan of your components. Resistant to high temperatures, moisture, and chemicals, it provides protection against corrosion and oxidation \u2014 even in the most-demanding environments.\" \/>\n<meta property=\"og:url\" content=\"https:\/\/www.donerre.com\/pt\/product\/massa-lubrificante-de-alta-qualidade\/\" \/>\n<meta property=\"og:site_name\" content=\"Donerre\" \/>\n<meta property=\"article:modified_time\" content=\"2025-06-18T12:54:17+00:00\" \/>\n<meta property=\"og:image\" content=\"https:\/\/www.donerre.com\/wp-content\/uploads\/2025\/06\/WhatsApp-Image-2025-06-13-at-13.16.29.jpeg\" \/>\n\t<meta property=\"og:image:width\" content=\"1080\" \/>\n\t<meta property=\"og:image:height\" content=\"1869\" \/>\n\t<meta property=\"og:image:type\" content=\"image\/jpeg\" \/>\n<meta name=\"twitter:card\" content=\"summary_large_image\" \/>\n<meta name=\"twitter:label1\" content=\"Tempo estimado de leitura\" \/>\n\t<meta name=\"twitter:data1\" content=\"1 minuto\" \/>\n<script type=\"application\/ld+json\" class=\"yoast-schema-graph\">{\"@context\":\"https:\/\/schema.org\",\"@graph\":[{\"@type\":\"WebPage\",\"@id\":\"https:\/\/www.donerre.com\/product\/high-quality-grease\/\",\"url\":\"https:\/\/www.donerre.com\/product\/high-quality-grease\/\",\"name\":\"Teflon grease Donerre - Donerre\",\"isPartOf\":{\"@id\":\"https:\/\/www.donerre.com\/#website\"},\"primaryImageOfPage\":{\"@id\":\"https:\/\/www.donerre.com\/product\/high-quality-grease\/#primaryimage\"},\"image\":{\"@id\":\"https:\/\/www.donerre.com\/product\/high-quality-grease\/#primaryimage\"},\"thumbnailUrl\":\"https:\/\/www.donerre.com\/wp-content\/uploads\/2025\/06\/WhatsApp-Image-2025-06-13-at-13.16.29.jpeg\",\"datePublished\":\"2025-06-13T09:06:43+00:00\",\"dateModified\":\"2025-06-18T12:54:17+00:00\",\"breadcrumb\":{\"@id\":\"https:\/\/www.donerre.com\/product\/high-quality-grease\/#breadcrumb\"},\"inLanguage\":\"pt-PT\",\"potentialAction\":[{\"@type\":\"ReadAction\",\"target\":[\"https:\/\/www.donerre.com\/product\/high-quality-grease\/\"]}]},{\"@type\":\"ImageObject\",\"inLanguage\":\"pt-PT\",\"@id\":\"https:\/\/www.donerre.com\/product\/high-quality-grease\/#primaryimage\",\"url\":\"https:\/\/www.donerre.com\/wp-content\/uploads\/2025\/06\/WhatsApp-Image-2025-06-13-at-13.16.29.jpeg\",\"contentUrl\":\"https:\/\/www.donerre.com\/wp-content\/uploads\/2025\/06\/WhatsApp-Image-2025-06-13-at-13.16.29.jpeg\",\"width\":1080,\"height\":1869},{\"@type\":\"BreadcrumbList\",\"@id\":\"https:\/\/www.donerre.com\/product\/high-quality-grease\/#breadcrumb\",\"itemListElement\":[{\"@type\":\"ListItem\",\"position\":1,\"name\":\"Home\",\"item\":\"https:\/\/www.donerre.com\/\"},{\"@type\":\"ListItem\",\"position\":2,\"name\":\"Products\",\"item\":\"https:\/\/www.donerre.com\/products\/\"},{\"@type\":\"ListItem\",\"position\":3,\"name\":\"Teflon grease Donerre\"}]},{\"@type\":\"WebSite\",\"@id\":\"https:\/\/www.donerre.com\/#website\",\"url\":\"https:\/\/www.donerre.com\/\",\"name\":\"Donerre\",\"description\":\"Suspension\",\"publisher\":{\"@id\":\"https:\/\/www.donerre.com\/#organization\"},\"potentialAction\":[{\"@type\":\"SearchAction\",\"target\":{\"@type\":\"EntryPoint\",\"urlTemplate\":\"https:\/\/www.donerre.com\/?s={search_term_string}\"},\"query-input\":{\"@type\":\"PropertyValueSpecification\",\"valueRequired\":true,\"valueName\":\"search_term_string\"}}],\"inLanguage\":\"pt-PT\"},{\"@type\":\"Organization\",\"@id\":\"https:\/\/www.donerre.com\/#organization\",\"name\":\"Donerre\",\"url\":\"https:\/\/www.donerre.com\/\",\"logo\":{\"@type\":\"ImageObject\",\"inLanguage\":\"pt-PT\",\"@id\":\"https:\/\/www.donerre.com\/#\/schema\/logo\/image\/\",\"url\":\"https:\/\/www.donerre.com\/wp-content\/uploads\/2024\/11\/Donerre-Logo.png\",\"contentUrl\":\"https:\/\/www.donerre.com\/wp-content\/uploads\/2024\/11\/Donerre-Logo.png\",\"width\":710,\"height\":282,\"caption\":\"Donerre\"},\"image\":{\"@id\":\"https:\/\/www.donerre.com\/#\/schema\/logo\/image\/\"}}]}<\/script>\n<!-- \/ Yoast SEO plugin. -->","yoast_head_json":{"title":"Massa de teflon Donerre - Donerre","robots":{"index":"index","follow":"follow","max-snippet":"max-snippet:-1","max-image-preview":"max-image-preview:large","max-video-preview":"max-video-preview:-1"},"canonical":"https:\/\/www.donerre.com\/pt\/product\/massa-lubrificante-de-alta-qualidade\/","og_locale":"pt_PT","og_type":"article","og_title":"Teflon grease Donerre - Donerre","og_description":"Thanks to its self-lubricating properties, it reduces wear, eases assembly, guarantees a tight seal, and extends the lifespan of your components. Resistant to high temperatures, moisture, and chemicals, it provides protection against corrosion and oxidation \u2014 even in the most-demanding environments.","og_url":"https:\/\/www.donerre.com\/pt\/product\/massa-lubrificante-de-alta-qualidade\/","og_site_name":"Donerre","article_modified_time":"2025-06-18T12:54:17+00:00","og_image":[{"width":1080,"height":1869,"url":"https:\/\/www.donerre.com\/wp-content\/uploads\/2025\/06\/WhatsApp-Image-2025-06-13-at-13.16.29.jpeg","type":"image\/jpeg"}],"twitter_card":"summary_large_image","twitter_misc":{"Tempo estimado de leitura":"1 minuto"},"schema":{"@context":"https:\/\/schema.org","@graph":[{"@type":"WebPage","@id":"https:\/\/www.donerre.com\/product\/high-quality-grease\/","url":"https:\/\/www.donerre.com\/product\/high-quality-grease\/","name":"Massa de teflon Donerre - Donerre","isPartOf":{"@id":"https:\/\/www.donerre.com\/#website"},"primaryImageOfPage":{"@id":"https:\/\/www.donerre.com\/product\/high-quality-grease\/#primaryimage"},"image":{"@id":"https:\/\/www.donerre.com\/product\/high-quality-grease\/#primaryimage"},"thumbnailUrl":"https:\/\/www.donerre.com\/wp-content\/uploads\/2025\/06\/WhatsApp-Image-2025-06-13-at-13.16.29.jpeg","datePublished":"2025-06-13T09:06:43+00:00","dateModified":"2025-06-18T12:54:17+00:00","breadcrumb":{"@id":"https:\/\/www.donerre.com\/product\/high-quality-grease\/#breadcrumb"},"inLanguage":"pt-PT","potentialAction":[{"@type":"ReadAction","target":["https:\/\/www.donerre.com\/product\/high-quality-grease\/"]}]},{"@type":"ImageObject","inLanguage":"pt-PT","@id":"https:\/\/www.donerre.com\/product\/high-quality-grease\/#primaryimage","url":"https:\/\/www.donerre.com\/wp-content\/uploads\/2025\/06\/WhatsApp-Image-2025-06-13-at-13.16.29.jpeg","contentUrl":"https:\/\/www.donerre.com\/wp-content\/uploads\/2025\/06\/WhatsApp-Image-2025-06-13-at-13.16.29.jpeg","width":1080,"height":1869},{"@type":"BreadcrumbList","@id":"https:\/\/www.donerre.com\/product\/high-quality-grease\/#breadcrumb","itemListElement":[{"@type":"ListItem","position":1,"name":"Home","item":"https:\/\/www.donerre.com\/"},{"@type":"ListItem","position":2,"name":"Products","item":"https:\/\/www.donerre.com\/products\/"},{"@type":"ListItem","position":3,"name":"Teflon grease Donerre"}]},{"@type":"WebSite","@id":"https:\/\/www.donerre.com\/#website","url":"https:\/\/www.donerre.com\/","name":"Donerre","description":"Suspens\u00e3o","publisher":{"@id":"https:\/\/www.donerre.com\/#organization"},"potentialAction":[{"@type":"SearchAction","target":{"@type":"EntryPoint","urlTemplate":"https:\/\/www.donerre.com\/?s={search_term_string}"},"query-input":{"@type":"PropertyValueSpecification","valueRequired":true,"valueName":"search_term_string"}}],"inLanguage":"pt-PT"},{"@type":"Organization","@id":"https:\/\/www.donerre.com\/#organization","name":"Donerre","url":"https:\/\/www.donerre.com\/","logo":{"@type":"ImageObject","inLanguage":"pt-PT","@id":"https:\/\/www.donerre.com\/#\/schema\/logo\/image\/","url":"https:\/\/www.donerre.com\/wp-content\/uploads\/2024\/11\/Donerre-Logo.png","contentUrl":"https:\/\/www.donerre.com\/wp-content\/uploads\/2024\/11\/Donerre-Logo.png","width":710,"height":282,"caption":"Donerre"},"image":{"@id":"https:\/\/www.donerre.com\/#\/schema\/logo\/image\/"}}]}},"uagb_featured_image_src":{"full":["https:\/\/www.donerre.com\/wp-content\/uploads\/2025\/06\/WhatsApp-Image-2025-06-13-at-13.16.29.jpeg",1080,1869,false],"thumbnail":["https:\/\/www.donerre.com\/wp-content\/uploads\/2025\/06\/WhatsApp-Image-2025-06-13-at-13.16.29-150x150.jpeg",150,150,true],"medium":["https:\/\/www.donerre.com\/wp-content\/uploads\/2025\/06\/WhatsApp-Image-2025-06-13-at-13.16.29-173x300.jpeg",173,300,true],"medium_large":["https:\/\/www.donerre.com\/wp-content\/uploads\/2025\/06\/WhatsApp-Image-2025-06-13-at-13.16.29-768x1329.jpeg",768,1329,true],"large":["https:\/\/www.donerre.com\/wp-content\/uploads\/2025\/06\/WhatsApp-Image-2025-06-13-at-13.16.29-592x1024.jpeg",592,1024,true],"1536x1536":["https:\/\/www.donerre.com\/wp-content\/uploads\/2025\/06\/WhatsApp-Image-2025-06-13-at-13.16.29-888x1536.jpeg",888,1536,true],"2048x2048":["https:\/\/www.donerre.com\/wp-content\/uploads\/2025\/06\/WhatsApp-Image-2025-06-13-at-13.16.29.jpeg",1080,1869,false],"trp-custom-language-flag":["https:\/\/www.donerre.com\/wp-content\/uploads\/2025\/06\/WhatsApp-Image-2025-06-13-at-13.16.29-7x12.jpeg",7,12,true],"woocommerce_thumbnail":["https:\/\/www.donerre.com\/wp-content\/uploads\/2025\/06\/WhatsApp-Image-2025-06-13-at-13.16.29-300x300.jpeg",300,300,true],"woocommerce_single":["https:\/\/www.donerre.com\/wp-content\/uploads\/2025\/06\/WhatsApp-Image-2025-06-13-at-13.16.29-600x1038.jpeg",600,1038,true],"woocommerce_gallery_thumbnail":["https:\/\/www.donerre.com\/wp-content\/uploads\/2025\/06\/WhatsApp-Image-2025-06-13-at-13.16.29-100x100.jpeg",100,100,true]},"uagb_author_info":{"display_name":"David Isnard","author_link":"https:\/\/www.donerre.com\/pt\/author\/"},"uagb_comment_info":0,"uagb_excerpt":"Thanks to its self-lubricating properties, it reduces wear, eases assembly, guarantees a tight seal, and extends the lifespan of your components. Resistant to high temperatures, moisture, and chemicals, it provides protection against corrosion and oxidation \u2014 even in the most-demanding environments.","_links":{"self":[{"href":"https:\/\/www.donerre.com\/pt\/wp-json\/wp\/v2\/product\/825","targetHints":{"allow":["GET"]}}],"collection":[{"href":"https:\/\/www.donerre.com\/pt\/wp-json\/wp\/v2\/product"}],"about":[{"href":"https:\/\/www.donerre.com\/pt\/wp-json\/wp\/v2\/types\/product"}],"replies":[{"embeddable":true,"href":"https:\/\/www.donerre.com\/pt\/wp-json\/wp\/v2\/comments?post=825"}],"wp:featuredmedia":[{"embeddable":true,"href":"https:\/\/www.donerre.com\/pt\/wp-json\/wp\/v2\/media\/832"}],"wp:attachment":[{"href":"https:\/\/www.donerre.com\/pt\/wp-json\/wp\/v2\/media?parent=825"}],"wp:term":[{"taxonomy":"product_brand","embeddable":true,"href":"https:\/\/www.donerre.com\/pt\/wp-json\/wp\/v2\/product_brand?post=825"},{"taxonomy":"product_cat","embeddable":true,"href":"https:\/\/www.donerre.com\/pt\/wp-json\/wp\/v2\/product_cat?post=825"},{"taxonomy":"product_tag","embeddable":true,"href":"https:\/\/www.donerre.com\/pt\/wp-json\/wp\/v2\/product_tag?post=825"}],"curies":[{"name":"wp","href":"https:\/\/api.w.org\/{rel}","templated":true}]}}